{"id":1666,"date":"2023-03-08T14:08:05","date_gmt":"2023-03-08T14:08:05","guid":{"rendered":"https:\/\/polocomm.com\/?page_id=1666"},"modified":"2023-05-19T14:06:31","modified_gmt":"2023-05-19T14:06:31","slug":"verbal-non-verbal-workshops","status":"publish","type":"page","link":"https:\/\/polocomm.com\/sr\/verbal-non-verbal-workshops\/","title":{"rendered":"VERBALNE I NEVERBALNE RADIONICE"},"content":{"rendered":"<div data-elementor-type=\"wp-page\" data-elementor-id=\"1666\" class=\"elementor elementor-1666\" data-elementor-post-type=\"page\">\n\t\t\t\t\t\t<section class=\"elementor-section elementor-top-section elementor-element elementor-element-8bfc804 elementor-section-height-full elementor-section-boxed elementor-section-height-default elementor-section-items-middle\" data-id=\"8bfc804\" data-element_type=\"section\" data-e-type=\"section\" data-settings=\"{&quot;background_background&quot;:&quot;classic&quot;}\">\n\t\t\t\t\t\t<div class=\"elementor-container elementor-column-gap-custom\">\n\t\t\t\t\t<div class=\"elementor-column elementor-col-100 elementor-top-column elementor-element elementor-element-d4c0939\" data-id=\"d4c0939\" data-element_type=\"column\" data-e-type=\"column\">\n\t\t\t<div class=\"elementor-widget-wrap\">\n\t\t\t\t\t\t\t<\/div>\n\t\t<\/div>\n\t\t\t\t\t<\/div>\n\t\t<\/section>\n\t\t\t\t<section class=\"elementor-section elementor-top-section elementor-element elementor-element-79d0924 elementor-section-boxed elementor-section-height-default elementor-section-height-default elementor-invisible\" data-id=\"79d0924\" data-element_type=\"section\" data-e-type=\"section\" data-settings=\"{&quot;animation&quot;:&quot;fadeInUp&quot;}\">\n\t\t\t\t\t\t<div class=\"elementor-container elementor-column-gap-default\">\n\t\t\t\t\t<div class=\"elementor-column elementor-col-100 elementor-top-column elementor-element elementor-element-2ea7ef3\" data-id=\"2ea7ef3\" data-element_type=\"column\" data-e-type=\"column\">\n\t\t\t<div class=\"elementor-widget-wrap elementor-element-populated\">\n\t\t\t\t\t\t<div class=\"elementor-element elementor-element-4d1f760 elementor-widget elementor-widget-heading\" data-id=\"4d1f760\" data-element_type=\"widget\" data-e-type=\"widget\" data-settings=\"{&quot;ekit_we_effect_on&quot;:&quot;none&quot;}\" data-widget_type=\"heading.default\">\n\t\t\t\t<div class=\"elementor-widget-container\">\n\t\t\t\t\t<h2 class=\"elementor-heading-title elementor-size-default\">Verbalna i neverbalna komunikacija<\/h2>\t\t\t\t<\/div>\n\t\t\t\t<\/div>\n\t\t\t\t\t<\/div>\n\t\t<\/div>\n\t\t\t\t\t<\/div>\n\t\t<\/section>\n\t\t\t\t<section class=\"elementor-section elementor-top-section elementor-element elementor-element-eb2d7ae elementor-section-boxed elementor-section-height-default elementor-section-height-default elementor-invisible\" data-id=\"eb2d7ae\" data-element_type=\"section\" data-e-type=\"section\" data-settings=\"{&quot;animation&quot;:&quot;fadeInUp&quot;}\">\n\t\t\t\t\t\t<div class=\"elementor-container elementor-column-gap-default\">\n\t\t\t\t\t<div class=\"elementor-column elementor-col-100 elementor-top-column elementor-element elementor-element-4faddee\" data-id=\"4faddee\" data-element_type=\"column\" data-e-type=\"column\">\n\t\t\t<div class=\"elementor-widget-wrap elementor-element-populated\">\n\t\t\t\t\t\t<div class=\"elementor-element elementor-element-580f8e4 elementor-widget elementor-widget-heading\" data-id=\"580f8e4\" data-element_type=\"widget\" data-e-type=\"widget\" data-settings=\"{&quot;ekit_we_effect_on&quot;:&quot;none&quot;}\" data-widget_type=\"heading.default\">\n\t\t\t\t<div class=\"elementor-widget-container\">\n\t\t\t\t\t<h3 class=\"elementor-heading-title elementor-size-default\">Moc\u0301 Re\u010di<\/h3>\t\t\t\t<\/div>\n\t\t\t\t<\/div>\n\t\t\t\t\t<\/div>\n\t\t<\/div>\n\t\t\t\t\t<\/div>\n\t\t<\/section>\n\t\t\t\t<section class=\"elementor-section elementor-top-section elementor-element elementor-element-e94ed8c elementor-section-boxed elementor-section-height-default elementor-section-height-default elementor-invisible\" data-id=\"e94ed8c\" data-element_type=\"section\" data-e-type=\"section\" data-settings=\"{&quot;animation&quot;:&quot;fadeInUp&quot;}\">\n\t\t\t\t\t\t<div class=\"elementor-container elementor-column-gap-default\">\n\t\t\t\t\t<div class=\"elementor-column elementor-col-100 elementor-top-column elementor-element elementor-element-a26dcc6\" data-id=\"a26dcc6\" data-element_type=\"column\" data-e-type=\"column\">\n\t\t\t<div class=\"elementor-widget-wrap elementor-element-populated\">\n\t\t\t\t\t\t<div class=\"elementor-element elementor-element-1ea4497 elementor-widget elementor-widget-text-editor\" data-id=\"1ea4497\" data-element_type=\"widget\" data-e-type=\"widget\" data-settings=\"{&quot;ekit_we_effect_on&quot;:&quot;none&quot;}\" data-widget_type=\"text-editor.default\">\n\t\t\t\t<div class=\"elementor-widget-container\">\n\t\t\t\t\t\t\t\t\t<p>Verbal communication is anything that relates to human language. At first sight, we believe that human language are the verb, the voice, the intonation, the pronunciation of words or sentences, and a specific vocabulary expressed either orally or in writing. This language also includes signs or coded information, depending on the situation.<\/p><p>Ovi razli\u010diti oblici verbalne komunikacije omoguc\u0301avaju dvema pojedincima ili grupi ljudi da komuniciraju, slu\u0161aju jedni druge i razumeju jedni druge. Mo\u017ee se preneti u li\u010dnom i profesionalnom kontekstu.<span style=\"font-style: inherit; color: var(--ast-global-color-3);\">\u00a0<\/span><\/p>\t\t\t\t\t\t\t\t<\/div>\n\t\t\t\t<\/div>\n\t\t\t\t\t<\/div>\n\t\t<\/div>\n\t\t\t\t\t<\/div>\n\t\t<\/section>\n\t\t\t\t<section class=\"elementor-section elementor-top-section elementor-element elementor-element-8cac682 elementor-section-boxed elementor-section-height-default elementor-section-height-default elementor-invisible\" data-id=\"8cac682\" data-element_type=\"section\" data-e-type=\"section\" data-settings=\"{&quot;animation&quot;:&quot;fadeInUp&quot;}\">\n\t\t\t\t\t\t<div class=\"elementor-container elementor-column-gap-default\">\n\t\t\t\t\t<div class=\"elementor-column elementor-col-100 elementor-top-column elementor-element elementor-element-77c1cd1\" data-id=\"77c1cd1\" data-element_type=\"column\" data-e-type=\"column\">\n\t\t\t<div class=\"elementor-widget-wrap elementor-element-populated\">\n\t\t\t\t\t\t<div class=\"elementor-element elementor-element-3f57421 elementor-widget elementor-widget-image\" data-id=\"3f57421\" data-element_type=\"widget\" data-e-type=\"widget\" data-settings=\"{&quot;ekit_we_effect_on&quot;:&quot;none&quot;}\" data-widget_type=\"image.default\">\n\t\t\t\t<div class=\"elementor-widget-container\">\n\t\t\t\t\t\t\t\t\t\t\t\t\t\t\t<img fetchpriority=\"high\" decoding=\"async\" width=\"616\" height=\"1024\" src=\"https:\/\/polocomm.com\/wp-content\/uploads\/2023\/03\/IMG_1465-616x1024.jpg\" class=\"attachment-large size-large wp-image-2123\" alt=\"\" srcset=\"https:\/\/polocomm.com\/wp-content\/uploads\/2023\/03\/IMG_1465-616x1024.jpg 616w, https:\/\/polocomm.com\/wp-content\/uploads\/2023\/03\/IMG_1465-181x300.jpg 181w, https:\/\/polocomm.com\/wp-content\/uploads\/2023\/03\/IMG_1465-768x1276.jpg 768w, https:\/\/polocomm.com\/wp-content\/uploads\/2023\/03\/IMG_1465-925x1536.jpg 925w, https:\/\/polocomm.com\/wp-content\/uploads\/2023\/03\/IMG_1465-7x12.jpg 7w, https:\/\/polocomm.com\/wp-content\/uploads\/2023\/03\/IMG_1465-500x831.jpg 500w, https:\/\/polocomm.com\/wp-content\/uploads\/2023\/03\/IMG_1465-800x1329.jpg 800w, https:\/\/polocomm.com\/wp-content\/uploads\/2023\/03\/IMG_1465.jpg 1019w\" sizes=\"(max-width: 616px) 100vw, 616px\" \/>\t\t\t\t\t\t\t\t\t\t\t\t\t\t\t<\/div>\n\t\t\t\t<\/div>\n\t\t\t\t\t<\/div>\n\t\t<\/div>\n\t\t\t\t\t<\/div>\n\t\t<\/section>\n\t\t\t\t<section class=\"elementor-section elementor-top-section elementor-element elementor-element-fdb6ba3 elementor-section-boxed elementor-section-height-default elementor-section-height-default elementor-invisible\" data-id=\"fdb6ba3\" data-element_type=\"section\" data-e-type=\"section\" data-settings=\"{&quot;animation&quot;:&quot;fadeInUp&quot;}\">\n\t\t\t\t\t\t<div class=\"elementor-container elementor-column-gap-default\">\n\t\t\t\t\t<div class=\"elementor-column elementor-col-100 elementor-top-column elementor-element elementor-element-badff87\" data-id=\"badff87\" data-element_type=\"column\" data-e-type=\"column\">\n\t\t\t<div class=\"elementor-widget-wrap elementor-element-populated\">\n\t\t\t\t\t\t<div class=\"elementor-element elementor-element-ad6d94a elementor-widget elementor-widget-heading\" data-id=\"ad6d94a\" data-element_type=\"widget\" data-e-type=\"widget\" data-settings=\"{&quot;ekit_we_effect_on&quot;:&quot;none&quot;}\" data-widget_type=\"heading.default\">\n\t\t\t\t<div class=\"elementor-widget-container\">\n\t\t\t\t\t<h3 class=\"elementor-heading-title elementor-size-default\">\u0160ta je neverbalna komunikacija?<\/h3>\t\t\t\t<\/div>\n\t\t\t\t<\/div>\n\t\t\t\t\t<\/div>\n\t\t<\/div>\n\t\t\t\t\t<\/div>\n\t\t<\/section>\n\t\t\t\t<section class=\"elementor-section elementor-top-section elementor-element elementor-element-cee1b95 elementor-section-boxed elementor-section-height-default elementor-section-height-default elementor-invisible\" data-id=\"cee1b95\" data-element_type=\"section\" data-e-type=\"section\" data-settings=\"{&quot;animation&quot;:&quot;fadeInUp&quot;}\">\n\t\t\t\t\t\t<div class=\"elementor-container elementor-column-gap-default\">\n\t\t\t\t\t<div class=\"elementor-column elementor-col-100 elementor-top-column elementor-element elementor-element-1996499\" data-id=\"1996499\" data-element_type=\"column\" data-e-type=\"column\">\n\t\t\t<div class=\"elementor-widget-wrap elementor-element-populated\">\n\t\t\t\t\t\t<div class=\"elementor-element elementor-element-3cdc801 elementor-widget elementor-widget-text-editor\" data-id=\"3cdc801\" data-element_type=\"widget\" data-e-type=\"widget\" data-settings=\"{&quot;ekit_we_effect_on&quot;:&quot;none&quot;}\" data-widget_type=\"text-editor.default\">\n\t\t\t\t<div class=\"elementor-widget-container\">\n\t\t\t\t\t\t\t\t\t<p>Non-verbal communication refers to how beings convey information about their emotions, needs, intentions, attitudes, and thoughts without using verbal language.\u00a0Non-verbal language includes general behaviour, postures, mimics, tics or grimaces, facial expressions, space-usage, colours we wear, or attitudes. Many signals are sent out consciously or unconsciously by one person and felt by another. This is what makes difference in the decision-making process, during or after the office hours.<\/p><p>For instance, it is the eye-contact and body posture when we talk about corporate behaviours.\u00a0<\/p>\t\t\t\t\t\t\t\t<\/div>\n\t\t\t\t<\/div>\n\t\t\t\t\t<\/div>\n\t\t<\/div>\n\t\t\t\t\t<\/div>\n\t\t<\/section>\n\t\t\t\t<section class=\"elementor-section elementor-top-section elementor-element elementor-element-bbb9aee elementor-section-boxed elementor-section-height-default elementor-section-height-default elementor-invisible\" data-id=\"bbb9aee\" data-element_type=\"section\" data-e-type=\"section\" data-settings=\"{&quot;animation&quot;:&quot;fadeInUp&quot;}\">\n\t\t\t\t\t\t<div class=\"elementor-container elementor-column-gap-default\">\n\t\t\t\t\t<div class=\"elementor-column elementor-col-100 elementor-top-column elementor-element elementor-element-7f55b59\" data-id=\"7f55b59\" data-element_type=\"column\" data-e-type=\"column\">\n\t\t\t<div class=\"elementor-widget-wrap elementor-element-populated\">\n\t\t\t\t\t\t<div class=\"elementor-element elementor-element-d51bbd2 elementor-widget elementor-widget-heading\" data-id=\"d51bbd2\" data-element_type=\"widget\" data-e-type=\"widget\" data-settings=\"{&quot;ekit_we_effect_on&quot;:&quot;none&quot;}\" data-widget_type=\"heading.default\">\n\t\t\t\t<div class=\"elementor-widget-container\">\n\t\t\t\t\t<h3 class=\"elementor-heading-title elementor-size-default\">Pravilo 3V u komunikaciji\n<\/h3>\t\t\t\t<\/div>\n\t\t\t\t<\/div>\n\t\t\t\t\t<\/div>\n\t\t<\/div>\n\t\t\t\t\t<\/div>\n\t\t<\/section>\n\t\t\t\t<section class=\"elementor-section elementor-top-section elementor-element elementor-element-fe761be elementor-section-boxed elementor-section-height-default elementor-section-height-default elementor-invisible\" data-id=\"fe761be\" data-element_type=\"section\" data-e-type=\"section\" data-settings=\"{&quot;animation&quot;:&quot;fadeInUp&quot;}\">\n\t\t\t\t\t\t<div class=\"elementor-container elementor-column-gap-default\">\n\t\t\t\t\t<div class=\"elementor-column elementor-col-100 elementor-top-column elementor-element elementor-element-afe2473\" data-id=\"afe2473\" data-element_type=\"column\" data-e-type=\"column\">\n\t\t\t<div class=\"elementor-widget-wrap elementor-element-populated\">\n\t\t\t\t\t\t<div class=\"elementor-element elementor-element-a57fdab elementor-widget elementor-widget-text-editor\" data-id=\"a57fdab\" data-element_type=\"widget\" data-e-type=\"widget\" data-settings=\"{&quot;ekit_we_effect_on&quot;:&quot;none&quot;}\" data-widget_type=\"text-editor.default\">\n\t\t\t\t<div class=\"elementor-widget-container\">\n\t\t\t\t\t\t\t\t\t<p><strong>3V pravilo ustanovljeno u istra\u017eivanju koje je sproveo profesor Albert Mehrabian zaklju\u010duje da je 93% komunikacije neverbalno<\/strong>, so we cannot underestimate the importance of this form of communication.<br \/><br \/>Ovo istra\u017eivanje pokazuje da:<\/p><ul><li>38% je vokalno (na osnovu intonacije i zvuka glasa)<\/li><li>55% je vizuelno i zasnovano na izrazima lica i govoru tela<\/li><\/ul>\t\t\t\t\t\t\t\t<\/div>\n\t\t\t\t<\/div>\n\t\t\t\t\t<\/div>\n\t\t<\/div>\n\t\t\t\t\t<\/div>\n\t\t<\/section>\n\t\t\t\t<section class=\"elementor-section elementor-top-section elementor-element elementor-element-760f3ef elementor-section-boxed elementor-section-height-default elementor-section-height-default elementor-invisible\" data-id=\"760f3ef\" data-element_type=\"section\" data-e-type=\"section\" data-settings=\"{&quot;animation&quot;:&quot;fadeInUp&quot;}\">\n\t\t\t\t\t\t<div class=\"elementor-container elementor-column-gap-default\">\n\t\t\t\t\t<div class=\"elementor-column elementor-col-100 elementor-top-column elementor-element elementor-element-006e9ef\" data-id=\"006e9ef\" data-element_type=\"column\" data-e-type=\"column\">\n\t\t\t<div class=\"elementor-widget-wrap elementor-element-populated\">\n\t\t\t\t\t\t<div class=\"elementor-element elementor-element-d3e540f elementor-widget elementor-widget-image\" data-id=\"d3e540f\" data-element_type=\"widget\" data-e-type=\"widget\" data-settings=\"{&quot;ekit_we_effect_on&quot;:&quot;none&quot;}\" data-widget_type=\"image.default\">\n\t\t\t\t<div class=\"elementor-widget-container\">\n\t\t\t\t\t\t\t\t\t\t\t\t\t\t\t<img decoding=\"async\" width=\"683\" height=\"1024\" src=\"https:\/\/polocomm.com\/wp-content\/uploads\/2023\/03\/Dunja-suzeno-683x1024.jpg\" class=\"attachment-large size-large wp-image-2017\" alt=\"\" srcset=\"https:\/\/polocomm.com\/wp-content\/uploads\/2023\/03\/Dunja-suzeno-683x1024.jpg 683w, https:\/\/polocomm.com\/wp-content\/uploads\/2023\/03\/Dunja-suzeno-200x300.jpg 200w, https:\/\/polocomm.com\/wp-content\/uploads\/2023\/03\/Dunja-suzeno-768x1152.jpg 768w, https:\/\/polocomm.com\/wp-content\/uploads\/2023\/03\/Dunja-suzeno-1024x1536.jpg 1024w, https:\/\/polocomm.com\/wp-content\/uploads\/2023\/03\/Dunja-suzeno-1365x2048.jpg 1365w, https:\/\/polocomm.com\/wp-content\/uploads\/2023\/03\/Dunja-suzeno-8x12.jpg 8w, https:\/\/polocomm.com\/wp-content\/uploads\/2023\/03\/Dunja-suzeno-500x750.jpg 500w, https:\/\/polocomm.com\/wp-content\/uploads\/2023\/03\/Dunja-suzeno-800x1200.jpg 800w, https:\/\/polocomm.com\/wp-content\/uploads\/2023\/03\/Dunja-suzeno-1280x1920.jpg 1280w, https:\/\/polocomm.com\/wp-content\/uploads\/2023\/03\/Dunja-suzeno-1920x2880.jpg 1920w, https:\/\/polocomm.com\/wp-content\/uploads\/2023\/03\/Dunja-suzeno-scaled.jpg 1707w\" sizes=\"(max-width: 683px) 100vw, 683px\" \/>\t\t\t\t\t\t\t\t\t\t\t\t\t\t\t<\/div>\n\t\t\t\t<\/div>\n\t\t\t\t\t<\/div>\n\t\t<\/div>\n\t\t\t\t\t<\/div>\n\t\t<\/section>\n\t\t\t\t<section class=\"elementor-section elementor-top-section elementor-element elementor-element-61c8205 elementor-section-boxed elementor-section-height-default elementor-section-height-default elementor-invisible\" data-id=\"61c8205\" data-element_type=\"section\" data-e-type=\"section\" data-settings=\"{&quot;animation&quot;:&quot;fadeInUp&quot;}\">\n\t\t\t\t\t\t<div class=\"elementor-container elementor-column-gap-default\">\n\t\t\t\t\t<div class=\"elementor-column elementor-col-100 elementor-top-column elementor-element elementor-element-635b1fc\" data-id=\"635b1fc\" data-element_type=\"column\" data-e-type=\"column\">\n\t\t\t<div class=\"elementor-widget-wrap elementor-element-populated\">\n\t\t\t\t\t\t<div class=\"elementor-element elementor-element-30fbbd5 elementor-widget elementor-widget-heading\" data-id=\"30fbbd5\" data-element_type=\"widget\" data-e-type=\"widget\" data-settings=\"{&quot;ekit_we_effect_on&quot;:&quot;none&quot;}\" data-widget_type=\"heading.default\">\n\t\t\t\t<div class=\"elementor-widget-container\">\n\t\t\t\t\t<h3 class=\"elementor-heading-title elementor-size-default\">Moc\u0301 dr\u017eanja<\/h3>\t\t\t\t<\/div>\n\t\t\t\t<\/div>\n\t\t\t\t\t<\/div>\n\t\t<\/div>\n\t\t\t\t\t<\/div>\n\t\t<\/section>\n\t\t\t\t<section class=\"elementor-section elementor-top-section elementor-element elementor-element-71c0c38 elementor-section-boxed elementor-section-height-default elementor-section-height-default elementor-invisible\" data-id=\"71c0c38\" data-element_type=\"section\" data-e-type=\"section\" data-settings=\"{&quot;animation&quot;:&quot;fadeInUp&quot;}\">\n\t\t\t\t\t\t<div class=\"elementor-container elementor-column-gap-default\">\n\t\t\t\t\t<div class=\"elementor-column elementor-col-100 elementor-top-column elementor-element elementor-element-b7f2da7\" data-id=\"b7f2da7\" data-element_type=\"column\" data-e-type=\"column\">\n\t\t\t<div class=\"elementor-widget-wrap elementor-element-populated\">\n\t\t\t\t\t\t<div class=\"elementor-element elementor-element-b69d7ac elementor-widget elementor-widget-text-editor\" data-id=\"b69d7ac\" data-element_type=\"widget\" data-e-type=\"widget\" data-settings=\"{&quot;ekit_we_effect_on&quot;:&quot;none&quot;}\" data-widget_type=\"text-editor.default\">\n\t\t\t\t<div class=\"elementor-widget-container\">\n\t\t\t\t\t\t\t\t\t<p><strong>S obzirom da je 93% komunikacije ponderisano neverbalnom, va\u017eno je nau\u010diti kako da dekonstrui\u0161ete neverbalnu komunikaciju<\/strong>&nbsp;to communicate effectively.<\/p>\n<p><strong>&nbsp;<\/strong>I u li\u010dnom i u profesionalnom okru\u017eenju, neki ljudi projektuju pozitivniju sliku zbog koje \u017eelimo da ih bolje upoznamo i radimo s njima u timu.<\/p>\n<p>How do you build affinities through non-verbal communication?<\/p>\n<p>We would be proud and excited to work with you 1:1 or in a group, and help you master your verbal and non-verbal skills in order to be in command of your strategy. The world is in rapid development, and we assure you that you need to master your communication intelligence, and become a master storyteller. We help you overcome the internal obstacles, develop better communication with your team and your clients, &nbsp;and we help you conduct new approaches and stay focused and motivated no matter the circumstances.&nbsp;<\/p>\n<h2 class=\"elementor-heading-title elementor-size-default\">&nbsp;<\/h2>\t\t\t\t\t\t\t\t<\/div>\n\t\t\t\t<\/div>\n\t\t\t\t\t<\/div>\n\t\t<\/div>\n\t\t\t\t\t<\/div>\n\t\t<\/section>\n\t\t\t\t<\/div>","protected":false},"excerpt":{"rendered":"<p>Verbal and non-verbal communication The power of Words Verbal communication is anything that relates to human language. At first sight, we believe that human language are the verb, the voice, the intonation, the pronunciation of words or sentences, and a specific vocabulary expressed either orally or in writing. This language also includes signs or coded [&hellip;]<\/p>\n","protected":false},"author":5,"featured_media":0,"parent":0,"menu_order":0,"comment_status":"closed","ping_status":"closed","template":"","meta":{"_monsterinsights_skip_tracking":false,"_monsterinsights_sitenote_active":false,"_monsterinsights_sitenote_note":"","_monsterinsights_sitenote_category":0,"site-sidebar-layout":"no-sidebar","site-content-layout":"page-builder","ast-site-content-layout":"","site-content-style":"default","site-sidebar-style":"default","ast-global-header-display":"","ast-banner-title-visibility":"","ast-main-header-display":"","ast-hfb-above-header-display":"","ast-hfb-below-header-display":"","ast-hfb-mobile-header-display":"","site-post-title":"disabled","ast-breadcrumbs-content":"","ast-featured-img":"disabled","footer-sml-layout":"","theme-transparent-header-meta":"","adv-header-id-meta":"","stick-header-meta":"","header-above-stick-meta":"","header-main-stick-meta":"","header-below-stick-meta":"","astra-migrate-meta-layouts":"default","ast-page-background-enabled":"default","ast-page-background-meta":{"desktop":{"background-color":"","background-image":"","background-repeat":"repeat","background-position":"center center","background-size":"auto","background-attachment":"scroll","background-type":"","background-media":"","overlay-type":"","overlay-color":"","overlay-opacity":"","overlay-gradient":""},"tablet":{"background-color":"","background-image":"","background-repeat":"repeat","background-position":"center center","background-size":"auto","background-attachment":"scroll","background-type":"","background-media":"","overlay-type":"","overlay-color":"","overlay-opacity":"","overlay-gradient":""},"mobile":{"background-color":"","background-image":"","background-repeat":"repeat","background-position":"center center","background-size":"auto","background-attachment":"scroll","background-type":"","background-media":"","overlay-type":"","overlay-color":"","overlay-opacity":"","overlay-gradient":""}},"ast-content-background-meta":{"desktop":{"background-color":"var(--ast-global-color-5)","background-image":"","background-repeat":"repeat","background-position":"center center","background-size":"auto","background-attachment":"scroll","background-type":"","background-media":"","overlay-type":"","overlay-color":"","overlay-opacity":"","overlay-gradient":""},"tablet":{"background-color":"var(--ast-global-color-5)","background-image":"","background-repeat":"repeat","background-position":"center center","background-size":"auto","background-attachment":"scroll","background-type":"","background-media":"","overlay-type":"","overlay-color":"","overlay-opacity":"","overlay-gradient":""},"mobile":{"background-color":"var(--ast-global-color-5)","background-image":"","background-repeat":"repeat","background-position":"center center","background-size":"auto","background-attachment":"scroll","background-type":"","background-media":"","overlay-type":"","overlay-color":"","overlay-opacity":"","overlay-gradient":""}},"footnotes":""},"class_list":["post-1666","page","type-page","status-publish","hentry"],"_links":{"self":[{"href":"https:\/\/polocomm.com\/sr\/wp-json\/wp\/v2\/pages\/1666","targetHints":{"allow":["GET"]}}],"collection":[{"href":"https:\/\/polocomm.com\/sr\/wp-json\/wp\/v2\/pages"}],"about":[{"href":"https:\/\/polocomm.com\/sr\/wp-json\/wp\/v2\/types\/page"}],"author":[{"embeddable":true,"href":"https:\/\/polocomm.com\/sr\/wp-json\/wp\/v2\/users\/5"}],"replies":[{"embeddable":true,"href":"https:\/\/polocomm.com\/sr\/wp-json\/wp\/v2\/comments?post=1666"}],"version-history":[{"count":79,"href":"https:\/\/polocomm.com\/sr\/wp-json\/wp\/v2\/pages\/1666\/revisions"}],"predecessor-version":[{"id":3156,"href":"https:\/\/polocomm.com\/sr\/wp-json\/wp\/v2\/pages\/1666\/revisions\/3156"}],"wp:attachment":[{"href":"https:\/\/polocomm.com\/sr\/wp-json\/wp\/v2\/media?parent=1666"}],"curies":[{"name":"wp","href":"https:\/\/api.w.org\/{rel}","templated":true}]}}