{"id":1668,"date":"2023-03-08T14:09:07","date_gmt":"2023-03-08T14:09:07","guid":{"rendered":"https:\/\/polocomm.com\/?page_id=1668"},"modified":"2023-05-19T14:13:44","modified_gmt":"2023-05-19T14:13:44","slug":"tech-development","status":"publish","type":"page","link":"https:\/\/polocomm.com\/sr\/tech-development\/","title":{"rendered":"TEHNI\u010cKI RAZVOJ"},"content":{"rendered":"<div data-elementor-type=\"wp-page\" data-elementor-id=\"1668\" class=\"elementor elementor-1668\" data-elementor-post-type=\"page\">\n\t\t\t\t\t\t<section class=\"elementor-section elementor-top-section elementor-element elementor-element-8c292da elementor-section-boxed elementor-section-height-default elementor-section-height-default\" data-id=\"8c292da\" data-element_type=\"section\" data-e-type=\"section\" data-settings=\"{&quot;background_background&quot;:&quot;classic&quot;}\">\n\t\t\t\t\t\t<div class=\"elementor-container elementor-column-gap-default\">\n\t\t\t\t\t<div class=\"elementor-column elementor-col-100 elementor-top-column elementor-element elementor-element-4c6338f\" data-id=\"4c6338f\" data-element_type=\"column\" data-e-type=\"column\">\n\t\t\t<div class=\"elementor-widget-wrap\">\n\t\t\t\t\t\t\t<\/div>\n\t\t<\/div>\n\t\t\t\t\t<\/div>\n\t\t<\/section>\n\t\t\t\t<section class=\"elementor-section elementor-top-section elementor-element elementor-element-639be5a elementor-section-boxed elementor-section-height-default elementor-section-height-default elementor-invisible\" data-id=\"639be5a\" data-element_type=\"section\" data-e-type=\"section\" data-settings=\"{&quot;animation&quot;:&quot;fadeInUp&quot;}\">\n\t\t\t\t\t\t<div class=\"elementor-container elementor-column-gap-default\">\n\t\t\t\t\t<div class=\"elementor-column elementor-col-100 elementor-top-column elementor-element elementor-element-3c35128\" data-id=\"3c35128\" data-element_type=\"column\" data-e-type=\"column\">\n\t\t\t<div class=\"elementor-widget-wrap elementor-element-populated\">\n\t\t\t\t\t\t<div class=\"elementor-element elementor-element-50444d3 elementor-widget elementor-widget-heading\" data-id=\"50444d3\" data-element_type=\"widget\" data-e-type=\"widget\" data-settings=\"{&quot;ekit_we_effect_on&quot;:&quot;none&quot;}\" data-widget_type=\"heading.default\">\n\t\t\t\t<div class=\"elementor-widget-container\">\n\t\t\t\t\t<h2 class=\"elementor-heading-title elementor-size-default\">Veb i aplikacija <br>Razvoj dizajna<\/h2>\t\t\t\t<\/div>\n\t\t\t\t<\/div>\n\t\t\t\t\t<\/div>\n\t\t<\/div>\n\t\t\t\t\t<\/div>\n\t\t<\/section>\n\t\t\t\t<section class=\"elementor-section elementor-top-section elementor-element elementor-element-b1c67c2 elementor-section-boxed elementor-section-height-default elementor-section-height-default\" data-id=\"b1c67c2\" data-element_type=\"section\" data-e-type=\"section\">\n\t\t\t\t\t\t<div class=\"elementor-container elementor-column-gap-default\">\n\t\t\t\t\t<div class=\"elementor-column elementor-col-100 elementor-top-column elementor-element elementor-element-9349b83\" data-id=\"9349b83\" data-element_type=\"column\" data-e-type=\"column\">\n\t\t\t<div class=\"elementor-widget-wrap elementor-element-populated\">\n\t\t\t\t\t\t<div class=\"elementor-element elementor-element-1b0835b elementor-widget-divider--view-line elementor-widget elementor-widget-divider\" data-id=\"1b0835b\" data-element_type=\"widget\" data-e-type=\"widget\" data-settings=\"{&quot;ekit_we_effect_on&quot;:&quot;none&quot;}\" data-widget_type=\"divider.default\">\n\t\t\t\t<div class=\"elementor-widget-container\">\n\t\t\t\t\t\t\t<div class=\"elementor-divider\">\n\t\t\t<span class=\"elementor-divider-separator\">\n\t\t\t\t\t\t<\/span>\n\t\t<\/div>\n\t\t\t\t\t\t<\/div>\n\t\t\t\t<\/div>\n\t\t\t\t\t<\/div>\n\t\t<\/div>\n\t\t\t\t\t<\/div>\n\t\t<\/section>\n\t\t\t\t<section class=\"elementor-section elementor-top-section elementor-element elementor-element-3e91547 elementor-section-boxed elementor-section-height-default elementor-section-height-default elementor-invisible\" data-id=\"3e91547\" data-element_type=\"section\" data-e-type=\"section\" data-settings=\"{&quot;animation&quot;:&quot;fadeInUp&quot;}\">\n\t\t\t\t\t\t<div class=\"elementor-container elementor-column-gap-default\">\n\t\t\t\t\t<div class=\"elementor-column elementor-col-100 elementor-top-column elementor-element elementor-element-41825e9\" data-id=\"41825e9\" data-element_type=\"column\" data-e-type=\"column\">\n\t\t\t<div class=\"elementor-widget-wrap elementor-element-populated\">\n\t\t\t\t\t\t<div class=\"elementor-element elementor-element-bd4aeba elementor-widget elementor-widget-heading\" data-id=\"bd4aeba\" data-element_type=\"widget\" data-e-type=\"widget\" data-settings=\"{&quot;ekit_we_effect_on&quot;:&quot;none&quot;}\" data-widget_type=\"heading.default\">\n\t\t\t\t<div class=\"elementor-widget-container\">\n\t\t\t\t\t<h3 class=\"elementor-heading-title elementor-size-default\">Integrisano korisni\u010dko iskustvo i interfejs<\/h3>\t\t\t\t<\/div>\n\t\t\t\t<\/div>\n\t\t\t\t\t<\/div>\n\t\t<\/div>\n\t\t\t\t\t<\/div>\n\t\t<\/section>\n\t\t\t\t<section class=\"elementor-section elementor-top-section elementor-element elementor-element-516836e elementor-section-boxed elementor-section-height-default elementor-section-height-default elementor-invisible\" data-id=\"516836e\" data-element_type=\"section\" data-e-type=\"section\" data-settings=\"{&quot;animation&quot;:&quot;fadeInUp&quot;}\">\n\t\t\t\t\t\t<div class=\"elementor-container elementor-column-gap-default\">\n\t\t\t\t\t<div class=\"elementor-column elementor-col-100 elementor-top-column elementor-element elementor-element-60c49f1\" data-id=\"60c49f1\" data-element_type=\"column\" data-e-type=\"column\">\n\t\t\t<div class=\"elementor-widget-wrap elementor-element-populated\">\n\t\t\t\t\t\t<div class=\"elementor-element elementor-element-d9f5045 elementor-widget elementor-widget-text-editor\" data-id=\"d9f5045\" data-element_type=\"widget\" data-e-type=\"widget\" data-settings=\"{&quot;ekit_we_effect_on&quot;:&quot;none&quot;}\" data-widget_type=\"text-editor.default\">\n\t\t\t\t<div class=\"elementor-widget-container\">\n\t\t\t\t\t\t\t\t\t<p>Iako je izgled va\u0161e veb stranice prvi utisak koji ostavljate na potencijalnog kupca, dizajn va\u0161e veb stranice ne bi trebalo da zaustavi klijenta samo na tome. Najbolji dizajn i razvoj veb sajta \u0107e u\u010diniti va\u0161u stranicu jednako kreativnom koliko i funkcionalnom i lako upotrebljivom. Mi sprovodimo razvoj veb sajta koji pru\u017ea mogu\u0107nosti va\u0161im postoje\u0107im i potencijalnim klijentima da dobiju korisne informacije, razumeju \u0161ta imate da ponudite, izgrade odnos sa va\u0161om kompanijom i prate put kupca do dono\u0161enja odluke - bez ikakvih problema.<\/p>\t\t\t\t\t\t\t\t<\/div>\n\t\t\t\t<\/div>\n\t\t\t\t\t<\/div>\n\t\t<\/div>\n\t\t\t\t\t<\/div>\n\t\t<\/section>\n\t\t\t\t<section class=\"elementor-section elementor-top-section elementor-element elementor-element-f75a010 elementor-section-boxed elementor-section-height-default elementor-section-height-default elementor-invisible\" data-id=\"f75a010\" data-element_type=\"section\" data-e-type=\"section\" data-settings=\"{&quot;animation&quot;:&quot;fadeInUp&quot;}\">\n\t\t\t\t\t\t<div class=\"elementor-container elementor-column-gap-default\">\n\t\t\t\t\t<div class=\"elementor-column elementor-col-100 elementor-top-column elementor-element elementor-element-118cf85\" data-id=\"118cf85\" data-element_type=\"column\" data-e-type=\"column\">\n\t\t\t<div class=\"elementor-widget-wrap elementor-element-populated\">\n\t\t\t\t\t\t<div class=\"elementor-element elementor-element-d7402e6 elementor-widget elementor-widget-heading\" data-id=\"d7402e6\" data-element_type=\"widget\" data-e-type=\"widget\" data-settings=\"{&quot;ekit_we_effect_on&quot;:&quot;none&quot;}\" data-widget_type=\"heading.default\">\n\t\t\t\t<div class=\"elementor-widget-container\">\n\t\t\t\t\t<h3 class=\"elementor-heading-title elementor-size-default\">Zajedni\u010dki rad na dizajnu i sadr\u017eaju<\/h3>\t\t\t\t<\/div>\n\t\t\t\t<\/div>\n\t\t\t\t\t<\/div>\n\t\t<\/div>\n\t\t\t\t\t<\/div>\n\t\t<\/section>\n\t\t\t\t<section class=\"elementor-section elementor-top-section elementor-element elementor-element-3712970 elementor-section-boxed elementor-section-height-default elementor-section-height-default elementor-invisible\" data-id=\"3712970\" data-element_type=\"section\" data-e-type=\"section\" data-settings=\"{&quot;animation&quot;:&quot;fadeInUp&quot;}\">\n\t\t\t\t\t\t<div class=\"elementor-container elementor-column-gap-default\">\n\t\t\t\t\t<div class=\"elementor-column elementor-col-100 elementor-top-column elementor-element elementor-element-c19745b\" data-id=\"c19745b\" data-element_type=\"column\" data-e-type=\"column\">\n\t\t\t<div class=\"elementor-widget-wrap elementor-element-populated\">\n\t\t\t\t\t\t<div class=\"elementor-element elementor-element-ad351ac elementor-widget elementor-widget-text-editor\" data-id=\"ad351ac\" data-element_type=\"widget\" data-e-type=\"widget\" data-settings=\"{&quot;ekit_we_effect_on&quot;:&quot;none&quot;}\" data-widget_type=\"text-editor.default\">\n\t\t\t\t<div class=\"elementor-widget-container\">\n\t\t\t\t\t\t\t\t\t<p>Sara\u0111ujemo s Vama na planiranju i realizaciji detalja Va\u0161e veb stranice tako da se povezuje sa va\u0161om publikom, prenosi Va\u0161e vrednosti i uverenja i istovremeno podi\u017ee va\u0161 proizvod\/uslugu.<\/p>\t\t\t\t\t\t\t\t<\/div>\n\t\t\t\t<\/div>\n\t\t\t\t\t<\/div>\n\t\t<\/div>\n\t\t\t\t\t<\/div>\n\t\t<\/section>\n\t\t\t\t<section class=\"elementor-section elementor-top-section elementor-element elementor-element-a5db54c elementor-section-boxed elementor-section-height-default elementor-section-height-default elementor-invisible\" data-id=\"a5db54c\" data-element_type=\"section\" data-e-type=\"section\" data-settings=\"{&quot;animation&quot;:&quot;fadeInUp&quot;}\">\n\t\t\t\t\t\t<div class=\"elementor-container elementor-column-gap-default\">\n\t\t\t\t\t<div class=\"elementor-column elementor-col-100 elementor-top-column elementor-element elementor-element-552cad0\" data-id=\"552cad0\" data-element_type=\"column\" data-e-type=\"column\">\n\t\t\t<div class=\"elementor-widget-wrap elementor-element-populated\">\n\t\t\t\t\t\t<div class=\"elementor-element elementor-element-1dc11dd elementor-widget elementor-widget-heading\" data-id=\"1dc11dd\" data-element_type=\"widget\" data-e-type=\"widget\" data-settings=\"{&quot;ekit_we_effect_on&quot;:&quot;none&quot;}\" data-widget_type=\"heading.default\">\n\t\t\t\t<div class=\"elementor-widget-container\">\n\t\t\t\t\t<h3 class=\"elementor-heading-title elementor-size-default\">Da bi se izdvojio, jedan uvek mora biti druga\u010diji<\/h3>\t\t\t\t<\/div>\n\t\t\t\t<\/div>\n\t\t\t\t\t<\/div>\n\t\t<\/div>\n\t\t\t\t\t<\/div>\n\t\t<\/section>\n\t\t\t\t<section class=\"elementor-section elementor-top-section elementor-element elementor-element-8161452 elementor-section-boxed elementor-section-height-default elementor-section-height-default elementor-invisible\" data-id=\"8161452\" data-element_type=\"section\" data-e-type=\"section\" data-settings=\"{&quot;animation&quot;:&quot;fadeInUp&quot;}\">\n\t\t\t\t\t\t<div class=\"elementor-container elementor-column-gap-default\">\n\t\t\t\t\t<div class=\"elementor-column elementor-col-100 elementor-top-column elementor-element elementor-element-12b8d22\" data-id=\"12b8d22\" data-element_type=\"column\" data-e-type=\"column\">\n\t\t\t<div class=\"elementor-widget-wrap elementor-element-populated\">\n\t\t\t\t\t\t<div class=\"elementor-element elementor-element-85c78a2 elementor-widget elementor-widget-text-editor\" data-id=\"85c78a2\" data-element_type=\"widget\" data-e-type=\"widget\" data-settings=\"{&quot;ekit_we_effect_on&quot;:&quot;none&quot;}\" data-widget_type=\"text-editor.default\">\n\t\t\t\t<div class=\"elementor-widget-container\">\n\t\t\t\t\t\t\t\t\t<p>Znakovi koji ukazuju na vodec\u0301u kompaniju za optimizaciju pretra\u017eiva\u010da (SEO) su dobro rangirana veb lokacija sa informacijama o SEO-u i digitalnom marketingu, odli\u010dnim povratnim informacijama klijenata i brzim vremenom odgovora. A u Polocommu, cilj nam je da na\u0161im klijentima pru\u017eimo najbolje moguc\u0301e SEO usluge i pomognemo im da postignu vi\u0161i rang na stranicama rezultata pretra\u017eiva\u010da. \u0160tavi\u0161e, na\u0161a kompanija tako\u0111e poseduje najnovije alate i tehnologije koje poma\u017eu klijentima da postignu \u017eeljene rezultate; na\u0161i stru\u010dnjaci za optimizaciju pretra\u017eiva\u010da (SEO) su u toku sa najnovijim trendovima i algoritmima u industriji. To nam omoguc\u0301ava da na\u0161im klijentima ponudimo najbolje moguc\u0301e rezultate u skladu sa njihovim bud\u017eetima.<\/p>\t\t\t\t\t\t\t\t<\/div>\n\t\t\t\t<\/div>\n\t\t\t\t\t<\/div>\n\t\t<\/div>\n\t\t\t\t\t<\/div>\n\t\t<\/section>\n\t\t\t\t<section class=\"elementor-section elementor-top-section elementor-element elementor-element-0516f23 elementor-section-boxed elementor-section-height-default elementor-section-height-default elementor-invisible\" data-id=\"0516f23\" data-element_type=\"section\" data-e-type=\"section\" data-settings=\"{&quot;animation&quot;:&quot;fadeInUp&quot;}\">\n\t\t\t\t\t\t<div class=\"elementor-container elementor-column-gap-default\">\n\t\t\t\t\t<div class=\"elementor-column elementor-col-100 elementor-top-column elementor-element elementor-element-f0d428c\" data-id=\"f0d428c\" data-element_type=\"column\" data-e-type=\"column\">\n\t\t\t<div class=\"elementor-widget-wrap elementor-element-populated\">\n\t\t\t\t\t\t<div class=\"elementor-element elementor-element-9ec6a8d elementor-widget elementor-widget-heading\" data-id=\"9ec6a8d\" data-element_type=\"widget\" data-e-type=\"widget\" data-settings=\"{&quot;ekit_we_effect_on&quot;:&quot;none&quot;}\" data-widget_type=\"heading.default\">\n\t\t\t\t<div class=\"elementor-widget-container\">\n\t\t\t\t\t<h3 class=\"elementor-heading-title elementor-size-default\">Bloging<\/h3>\t\t\t\t<\/div>\n\t\t\t\t<\/div>\n\t\t\t\t\t<\/div>\n\t\t<\/div>\n\t\t\t\t\t<\/div>\n\t\t<\/section>\n\t\t\t\t<section class=\"elementor-section elementor-top-section elementor-element elementor-element-fe0358f elementor-section-boxed elementor-section-height-default elementor-section-height-default\" data-id=\"fe0358f\" data-element_type=\"section\" data-e-type=\"section\">\n\t\t\t\t\t\t<div class=\"elementor-container elementor-column-gap-default\">\n\t\t\t\t\t<div class=\"elementor-column elementor-col-100 elementor-top-column elementor-element elementor-element-b1337ff\" data-id=\"b1337ff\" data-element_type=\"column\" data-e-type=\"column\">\n\t\t\t<div class=\"elementor-widget-wrap elementor-element-populated\">\n\t\t\t\t\t\t<div class=\"elementor-element elementor-element-a21387a elementor-widget elementor-widget-text-editor\" data-id=\"a21387a\" data-element_type=\"widget\" data-e-type=\"widget\" data-settings=\"{&quot;ekit_we_effect_on&quot;:&quot;none&quot;}\" data-widget_type=\"text-editor.default\">\n\t\t\t\t<div class=\"elementor-widget-container\">\n\t\t\t\t\t\t\t\t\t<p>Ako \u017eelite da generi\u0161ete vi\u0161e buke za svoj marketing sadr\u017eaj, morate da po\u010dnete sa stvaranjem ne\u010deg zaista izuzetnog. Poku\u0161ajte da se fokusirate na promociju na pravim mestima i kori\u0161c\u0301enje pravih tehnika. Prvo, va\u017eno je ne umanjiti vrednost marketinga putem e-po\u0161te kao ogromnog dela \u0161ire strategije marketinga sadr\u017eaja. Pored marketin\u0161ke taktike, morate se fokusirati i na svoj proizvod. Tako\u0111e je neophodno izgraditi jake odnose sa uticajnim osobama u Va\u0161oj ni\u0161i. Ovo zajedno promovi\u0161e Va\u0161e ogla\u0161avanje sadr\u017eaja na \u0161irem nivou.<br \/>Drugo, trebate promovisati svoj sadr\u017eaj koriste\u0107i druge ogla\u0161ava\u010dke platforme kad god je to prikladno. Da biste stvorili i\u0161\u010dekivanje za va\u0161 ogla\u0161ava\u010dki sadr\u017eaj, mo\u017eete koristiti kampanju pred lansiranje koja je osmi\u0161ljena kako bi kod publike stvorila uzbu\u0111enje. Kako biste pro\u0161irili doseg svog ogla\u0161ava\u010dkog sadr\u017eaja, ne zaboravite na va\u017enost pri\u010danja pri\u010da putem blogova.<\/p>\t\t\t\t\t\t\t\t<\/div>\n\t\t\t\t<\/div>\n\t\t\t\t\t<\/div>\n\t\t<\/div>\n\t\t\t\t\t<\/div>\n\t\t<\/section>\n\t\t\t\t<section class=\"elementor-section elementor-top-section elementor-element elementor-element-fa15a7f elementor-section-boxed elementor-section-height-default elementor-section-height-default\" data-id=\"fa15a7f\" data-element_type=\"section\" data-e-type=\"section\">\n\t\t\t\t\t\t<div class=\"elementor-container elementor-column-gap-default\">\n\t\t\t\t\t<div class=\"elementor-column elementor-col-100 elementor-top-column elementor-element elementor-element-a2e3869\" data-id=\"a2e3869\" data-element_type=\"column\" data-e-type=\"column\">\n\t\t\t<div class=\"elementor-widget-wrap elementor-element-populated\">\n\t\t\t\t\t\t<div class=\"elementor-element elementor-element-0e39a8d elementor-widget elementor-widget-image\" data-id=\"0e39a8d\" data-element_type=\"widget\" data-e-type=\"widget\" data-settings=\"{&quot;ekit_we_effect_on&quot;:&quot;none&quot;}\" data-widget_type=\"image.default\">\n\t\t\t\t<div class=\"elementor-widget-container\">\n\t\t\t\t\t\t\t\t\t\t\t\t\t\t\t<img fetchpriority=\"high\" decoding=\"async\" width=\"1024\" height=\"631\" src=\"https:\/\/polocomm.com\/wp-content\/uploads\/2023\/03\/Screenshot-2023-03-24-170250-1024x631.png\" class=\"attachment-large size-large wp-image-2268\" alt=\"\" srcset=\"https:\/\/polocomm.com\/wp-content\/uploads\/2023\/03\/Screenshot-2023-03-24-170250-1024x631.png 1024w, https:\/\/polocomm.com\/wp-content\/uploads\/2023\/03\/Screenshot-2023-03-24-170250-300x185.png 300w, https:\/\/polocomm.com\/wp-content\/uploads\/2023\/03\/Screenshot-2023-03-24-170250-768x473.png 768w, https:\/\/polocomm.com\/wp-content\/uploads\/2023\/03\/Screenshot-2023-03-24-170250-500x308.png 500w, https:\/\/polocomm.com\/wp-content\/uploads\/2023\/03\/Screenshot-2023-03-24-170250-800x493.png 800w, https:\/\/polocomm.com\/wp-content\/uploads\/2023\/03\/Screenshot-2023-03-24-170250-1280x788.png 1280w, https:\/\/polocomm.com\/wp-content\/uploads\/2023\/03\/Screenshot-2023-03-24-170250.png 1489w\" sizes=\"(max-width: 1024px) 100vw, 1024px\" \/>\t\t\t\t\t\t\t\t\t\t\t\t\t\t\t<\/div>\n\t\t\t\t<\/div>\n\t\t\t\t\t<\/div>\n\t\t<\/div>\n\t\t\t\t\t<\/div>\n\t\t<\/section>\n\t\t\t\t<section class=\"elementor-section elementor-top-section elementor-element elementor-element-9057da3 elementor-section-boxed elementor-section-height-default elementor-section-height-default elementor-invisible\" data-id=\"9057da3\" data-element_type=\"section\" data-e-type=\"section\" data-settings=\"{&quot;animation&quot;:&quot;fadeInUp&quot;}\">\n\t\t\t\t\t\t<div class=\"elementor-container elementor-column-gap-default\">\n\t\t\t\t\t<div class=\"elementor-column elementor-col-100 elementor-top-column elementor-element elementor-element-0880ecf\" data-id=\"0880ecf\" data-element_type=\"column\" data-e-type=\"column\">\n\t\t\t<div class=\"elementor-widget-wrap elementor-element-populated\">\n\t\t\t\t\t\t<div class=\"elementor-element elementor-element-7029f7d elementor-widget elementor-widget-text-editor\" data-id=\"7029f7d\" data-element_type=\"widget\" data-e-type=\"widget\" data-settings=\"{&quot;ekit_we_effect_on&quot;:&quot;none&quot;}\" data-widget_type=\"text-editor.default\">\n\t\t\t\t<div class=\"elementor-widget-container\">\n\t\t\t\t\t\t\t\t\t<p><br \/>Kreiranjem edukativnih i vrednih postova na blogu koji se odnose na va\u0161e tr\u017ei\u0161te, osiguravate da se potencijalni kupci edukuju o va\u0161em proizvodu\/usluzi i da se anga\u017euju sa njim. Neophodno je stvoriti zajednicu oko svog brenda u pogledu vrednosti i uverenja za koje se zala\u017eete. Kada korisnici pro\u010ditaju takve postove, osec\u0301ac\u0301e se kao da ste pristrasni prema njima i da im poma\u017eete umesto da prodajete svoj proizvod\/uslugu. Za razliku od ciljnog tr\u017ei\u0161ta, pri\u010de koje objavite bic\u0301e korisne va\u0161im \u010ditaocima. U Polocomm-u \u010dvrsto verujemo da se na va\u0161oj veb stranici postavlja najmanje jedan blog post mese\u010dno. Va\u017eno je da budete dosledni i da ne razo\u010darate svoju publiku tako \u0161to c\u0301ete presko\u010diti da objavite pri\u010du.<\/p>\t\t\t\t\t\t\t\t<\/div>\n\t\t\t\t<\/div>\n\t\t\t\t\t<\/div>\n\t\t<\/div>\n\t\t\t\t\t<\/div>\n\t\t<\/section>\n\t\t\t\t<\/div>","protected":false},"excerpt":{"rendered":"<p>Web &amp; App Design &amp; Development Integrated user experience and interface Although the appearance of your website is the first impression that you make on a potential customer, your website design shouldn\u2019t stop there. The best website design and development will make your site as creative as it is functional and easy to use. We [&hellip;]<\/p>\n","protected":false},"author":5,"featured_media":0,"parent":0,"menu_order":0,"comment_status":"closed","ping_status":"closed","template":"","meta":{"_monsterinsights_skip_tracking":false,"_monsterinsights_sitenote_active":false,"_monsterinsights_sitenote_note":"","_monsterinsights_sitenote_category":0,"site-sidebar-layout":"no-sidebar","site-content-layout":"page-builder","ast-site-content-layout":"","site-content-style":"default","site-sidebar-style":"default","ast-global-header-display":"","ast-banner-title-visibility":"","ast-main-header-display":"","ast-hfb-above-header-display":"","ast-hfb-below-header-display":"","ast-hfb-mobile-header-display":"","site-post-title":"disabled","ast-breadcrumbs-content":"","ast-featured-img":"disabled","footer-sml-layout":"","theme-transparent-header-meta":"","adv-header-id-meta":"","stick-header-meta":"","header-above-stick-meta":"","header-main-stick-meta":"","header-below-stick-meta":"","astra-migrate-meta-layouts":"default","ast-page-background-enabled":"default","ast-page-background-meta":{"desktop":{"background-color":"","background-image":"","background-repeat":"repeat","background-position":"center center","background-size":"auto","background-attachment":"scroll","background-type":"","background-media":"","overlay-type":"","overlay-color":"","overlay-opacity":"","overlay-gradient":""},"tablet":{"background-color":"","background-image":"","background-repeat":"repeat","background-position":"center center","background-size":"auto","background-attachment":"scroll","background-type":"","background-media":"","overlay-type":"","overlay-color":"","overlay-opacity":"","overlay-gradient":""},"mobile":{"background-color":"","background-image":"","background-repeat":"repeat","background-position":"center center","background-size":"auto","background-attachment":"scroll","background-type":"","background-media":"","overlay-type":"","overlay-color":"","overlay-opacity":"","overlay-gradient":""}},"ast-content-background-meta":{"desktop":{"background-color":"var(--ast-global-color-5)","background-image":"","background-repeat":"repeat","background-position":"center center","background-size":"auto","background-attachment":"scroll","background-type":"","background-media":"","overlay-type":"","overlay-color":"","overlay-opacity":"","overlay-gradient":""},"tablet":{"background-color":"var(--ast-global-color-5)","background-image":"","background-repeat":"repeat","background-position":"center center","background-size":"auto","background-attachment":"scroll","background-type":"","background-media":"","overlay-type":"","overlay-color":"","overlay-opacity":"","overlay-gradient":""},"mobile":{"background-color":"var(--ast-global-color-5)","background-image":"","background-repeat":"repeat","background-position":"center center","background-size":"auto","background-attachment":"scroll","background-type":"","background-media":"","overlay-type":"","overlay-color":"","overlay-opacity":"","overlay-gradient":""}},"footnotes":""},"class_list":["post-1668","page","type-page","status-publish","hentry"],"_links":{"self":[{"href":"https:\/\/polocomm.com\/sr\/wp-json\/wp\/v2\/pages\/1668","targetHints":{"allow":["GET"]}}],"collection":[{"href":"https:\/\/polocomm.com\/sr\/wp-json\/wp\/v2\/pages"}],"about":[{"href":"https:\/\/polocomm.com\/sr\/wp-json\/wp\/v2\/types\/page"}],"author":[{"embeddable":true,"href":"https:\/\/polocomm.com\/sr\/wp-json\/wp\/v2\/users\/5"}],"replies":[{"embeddable":true,"href":"https:\/\/polocomm.com\/sr\/wp-json\/wp\/v2\/comments?post=1668"}],"version-history":[{"count":58,"href":"https:\/\/polocomm.com\/sr\/wp-json\/wp\/v2\/pages\/1668\/revisions"}],"predecessor-version":[{"id":3164,"href":"https:\/\/polocomm.com\/sr\/wp-json\/wp\/v2\/pages\/1668\/revisions\/3164"}],"wp:attachment":[{"href":"https:\/\/polocomm.com\/sr\/wp-json\/wp\/v2\/media?parent=1668"}],"curies":[{"name":"wp","href":"https:\/\/api.w.org\/{rel}","templated":true}]}}